{"id":10,"date":"2025-06-21T12:18:47","date_gmt":"2025-06-21T12:18:47","guid":{"rendered":"https:\/\/monctonfish.com\/?page_id=10"},"modified":"2025-09-12T12:17:27","modified_gmt":"2025-09-12T12:17:27","slug":"chariot","status":"publish","type":"page","link":"https:\/\/monctonfish.com\/fr\/chariot\/","title":{"rendered":"Panier"},"content":{"rendered":"<div data-elementor-type=\"wp-page\" data-elementor-id=\"10\" class=\"elementor elementor-10\" data-elementor-post-type=\"page\">\n\t\t\t\t<div data-particle_enable=\"false\" data-particle-mobile-disabled=\"false\" class=\"elementor-element elementor-element-3fb6fb71 e-flex e-con-boxed e-con e-parent\" data-id=\"3fb6fb71\" data-element_type=\"container\" data-e-type=\"container\">\n\t\t\t\t\t<div class=\"e-con-inner\">\n\t\t\t\t<div class=\"elementor-element elementor-element-1ac51e1a elementor-widget-mobile__width-initial elementor-widget elementor-widget-text-editor\" data-id=\"1ac51e1a\" data-element_type=\"widget\" data-e-type=\"widget\" data-widget_type=\"text-editor.default\">\n\t\t\t\t<div class=\"elementor-widget-container\">\n\t\t\t\t\t\t\t\t\t\n<div data-block-name=\"woocommerce\/cart\" class=\"wp-block-woocommerce-cart alignwide is-loading\">\n<div data-block-name=\"woocommerce\/filled-cart-block\" class=\"wp-block-woocommerce-filled-cart-block\">\n<div data-block-name=\"woocommerce\/cart-items-block\" class=\"wp-block-woocommerce-cart-items-block\">\n<div data-block-name=\"woocommerce\/cart-line-items-block\" class=\"wp-block-woocommerce-cart-line-items-block\">\u00a0<\/div>\n\n<div data-block-name=\"woocommerce\/cart-cross-sells-block\" class=\"wp-block-woocommerce-cart-cross-sells-block\">\n<h2 class=\"wp-block-heading has-large-font-size\">Vous pourriez \u00eatre int\u00e9ress\u00e9 par\u2026<\/h2>\n\n<div data-block-name=\"woocommerce\/cart-cross-sells-products-block\" class=\"wp-block-woocommerce-cart-cross-sells-products-block\">\u00a0<\/div>\n<\/div>\n<\/div>\n\n<div data-block-name=\"woocommerce\/cart-totals-block\" class=\"wp-block-woocommerce-cart-totals-block\">\n<div data-block-name=\"woocommerce\/cart-order-summary-block\" class=\"wp-block-woocommerce-cart-order-summary-block\">\n<div data-block-name=\"woocommerce\/cart-order-summary-heading-block\" class=\"wp-block-woocommerce-cart-order-summary-heading-block\">\u00a0<\/div><div data-block-name=\"woocommerce\/cart-order-summary-coupon-form-block\" class=\"wp-block-woocommerce-cart-order-summary-coupon-form-block\">\u00a0<\/div><div data-block-name=\"woocommerce\/cart-order-summary-totals-block\" class=\"wp-block-woocommerce-cart-order-summary-totals-block\">\n<div data-block-name=\"woocommerce\/cart-order-summary-subtotal-block\" class=\"wp-block-woocommerce-cart-order-summary-subtotal-block\">\u00a0<\/div>\n<div data-block-name=\"woocommerce\/cart-order-summary-discount-block\" class=\"wp-block-woocommerce-cart-order-summary-discount-block\">\u00a0<\/div>\n<div data-block-name=\"woocommerce\/cart-order-summary-fee-block\" class=\"wp-block-woocommerce-cart-order-summary-fee-block\">\u00a0<\/div>\n<div data-block-name=\"woocommerce\/cart-order-summary-shipping-block\" class=\"wp-block-woocommerce-cart-order-summary-shipping-block\">\u00a0<\/div>\n<div data-block-name=\"woocommerce\/cart-order-summary-taxes-block\" class=\"wp-block-woocommerce-cart-order-summary-taxes-block\">\u00a0<\/div><\/div>\n<\/div>\n\n<div data-block-name=\"woocommerce\/cart-express-payment-block\" class=\"wp-block-woocommerce-cart-express-payment-block\">\u00a0<\/div>\n\n<div data-block-name=\"woocommerce\/proceed-to-checkout-block\" class=\"wp-block-woocommerce-proceed-to-checkout-block\">\u00a0<\/div>\n\n<div data-block-name=\"woocommerce\/cart-accepted-payment-methods-block\" class=\"wp-block-woocommerce-cart-accepted-payment-methods-block\">\u00a0<\/div>\n<\/div>\n<\/div>\n\n<div data-block-name=\"woocommerce\/empty-cart-block\" class=\"wp-block-woocommerce-empty-cart-block\">\n<h2 class=\"wp-block-heading has-text-align-center with-empty-cart-icon wc-block-cart__empty-cart__title\">Votre panier est actuellement vide !<\/h2>\n<hr class=\"wp-block-separator has-alpha-channel-opacity is-style-dots\" \/>\n<h2 class=\"wp-block-heading has-text-align-center\">Nouveau en magasin<\/h2>\n<div data-block-name=\"woocommerce\/product-new\" data-columns=\"4\" data-rows=\"1\" class=\"wc-block-grid wp-block-product-new wp-block-woocommerce-product-new wc-block-product-new has-4-columns\"><ul class=\"wc-block-grid__products\"><li class=\"wc-block-grid__product\">\n\t\t\t\t<a href=\"https:\/\/monctonfish.com\/fr\/produit\/aiglefin-pane-de-45-kg\/\" class=\"wc-block-grid__product-link\">\n\t\t\t\t\t\n\t\t\t\t\t<div class=\"wc-block-grid__product-image\"><img fetchpriority=\"high\" decoding=\"async\" width=\"400\" height=\"400\" src=\"https:\/\/i0.wp.com\/monctonfish.com\/wp-content\/uploads\/2025\/11\/breaded-haddock.png?resize=400%2C400&amp;ssl=1\" class=\"attachment-woocommerce_thumbnail size-woocommerce_thumbnail\" alt=\"Aiglefin pan\u00e9 (4,5 kg)\" srcset=\"https:\/\/i0.wp.com\/monctonfish.com\/wp-content\/uploads\/2025\/11\/breaded-haddock.png?resize=150%2C150&amp;ssl=1 150w, https:\/\/i0.wp.com\/monctonfish.com\/wp-content\/uploads\/2025\/11\/breaded-haddock.png?resize=400%2C400&amp;ssl=1 400w, https:\/\/i0.wp.com\/monctonfish.com\/wp-content\/uploads\/2025\/11\/breaded-haddock.png?resize=100%2C100&amp;ssl=1 100w, https:\/\/i0.wp.com\/monctonfish.com\/wp-content\/uploads\/2025\/11\/breaded-haddock.png?zoom=2&amp;resize=400%2C400&amp;ssl=1 800w\" sizes=\"(max-width: 400px) 100vw, 400px\" \/><\/div>\n\t\t\t\t\t<div class=\"wc-block-grid__product-title\">Aiglefin pan\u00e9 (4,5 kg)<\/div>\n\t\t\t\t<\/a>\n\t\t\t\t<div class=\"wc-block-grid__product-price price\"><span class=\"woocommerce-Price-amount amount\"><span class=\"woocommerce-Price-currencySymbol\">&#036;<\/span>100.00<\/span><\/div>\n\t\t\t\t\n\t\t\t\t<div class=\"wp-block-button wc-block-grid__product-add-to-cart\"><a href=\"\/fr\/wp-json\/wp\/v2\/pages\/10?add-to-cart=1193\" aria-label=\"Ajouter au panier\u00a0: \u201cBreaded Haddock (10lb)\u201d\" data-quantity=\"1\" data-product_id=\"1193\" data-product_sku=\"breaddedhaddock\" data-price=\"100\" rel=\"nofollow\" class=\"wp-block-button__link  add_to_cart_button ajax_add_to_cart\" data-no-translation=\"\" data-trp-gettext=\"\" data-no-translation-aria-label=\"\">Ajouter au panier<\/a><\/div>\n\t\t\t<\/li><li class=\"wc-block-grid__product\">\n\t\t\t\t<a href=\"https:\/\/monctonfish.com\/fr\/produit\/portions-de-saumon-sauvage-de-5-oz\/\" class=\"wc-block-grid__product-link\">\n\t\t\t\t\t\n\t\t\t\t\t<div class=\"wc-block-grid__product-image\"><img decoding=\"async\" width=\"400\" height=\"400\" src=\"https:\/\/i0.wp.com\/monctonfish.com\/wp-content\/uploads\/2026\/01\/Untitled-design.png?resize=400%2C400&amp;ssl=1\" class=\"attachment-woocommerce_thumbnail size-woocommerce_thumbnail\" alt=\"Portions de saumon sauvage de 5 oz\" srcset=\"https:\/\/i0.wp.com\/monctonfish.com\/wp-content\/uploads\/2026\/01\/Untitled-design.png?w=1000&amp;ssl=1 1000w, https:\/\/i0.wp.com\/monctonfish.com\/wp-content\/uploads\/2026\/01\/Untitled-design.png?resize=300%2C300&amp;ssl=1 300w, https:\/\/i0.wp.com\/monctonfish.com\/wp-content\/uploads\/2026\/01\/Untitled-design.png?resize=150%2C150&amp;ssl=1 150w, https:\/\/i0.wp.com\/monctonfish.com\/wp-content\/uploads\/2026\/01\/Untitled-design.png?resize=768%2C768&amp;ssl=1 768w, https:\/\/i0.wp.com\/monctonfish.com\/wp-content\/uploads\/2026\/01\/Untitled-design.png?resize=12%2C12&amp;ssl=1 12w, https:\/\/i0.wp.com\/monctonfish.com\/wp-content\/uploads\/2026\/01\/Untitled-design.png?resize=400%2C400&amp;ssl=1 400w, https:\/\/i0.wp.com\/monctonfish.com\/wp-content\/uploads\/2026\/01\/Untitled-design.png?resize=600%2C600&amp;ssl=1 600w, https:\/\/i0.wp.com\/monctonfish.com\/wp-content\/uploads\/2026\/01\/Untitled-design.png?resize=100%2C100&amp;ssl=1 100w\" sizes=\"(max-width: 400px) 100vw, 400px\" \/><\/div>\n\t\t\t\t\t<div class=\"wc-block-grid__product-title\">Portions de saumon sauvage de 5 oz<\/div>\n\t\t\t\t<\/a>\n\t\t\t\t<div class=\"wc-block-grid__product-price price\"><span class=\"woocommerce-Price-amount amount\"><span class=\"woocommerce-Price-currencySymbol\">&#036;<\/span>110.00<\/span><\/div>\n\t\t\t\t\n\t\t\t\t<div class=\"wp-block-button wc-block-grid__product-add-to-cart\"><a href=\"\/fr\/wp-json\/wp\/v2\/pages\/10?add-to-cart=1276\" aria-label=\"Ajouter au panier\u00a0: \u201c5oz Wild Salmon Portions\u201d\" data-quantity=\"1\" data-product_id=\"1276\" data-product_sku=\"\" data-price=\"110\" rel=\"nofollow\" class=\"wp-block-button__link  add_to_cart_button ajax_add_to_cart\" data-no-translation=\"\" data-trp-gettext=\"\" data-no-translation-aria-label=\"\">Ajouter au panier<\/a><\/div>\n\t\t\t<\/li><li class=\"wc-block-grid__product\">\n\t\t\t\t<a href=\"https:\/\/monctonfish.com\/fr\/produit\/cornichons-frits-4x1kg\/\" class=\"wc-block-grid__product-link\">\n\t\t\t\t\t\n\t\t\t\t\t<div class=\"wc-block-grid__product-image\"><img decoding=\"async\" width=\"400\" height=\"400\" src=\"https:\/\/i0.wp.com\/monctonfish.com\/wp-content\/uploads\/2025\/11\/Untitled-design-9.png?resize=400%2C400&amp;ssl=1\" class=\"attachment-woocommerce_thumbnail size-woocommerce_thumbnail\" alt=\"Cornichons frits (4 x 1 kg)\" srcset=\"https:\/\/i0.wp.com\/monctonfish.com\/wp-content\/uploads\/2025\/11\/Untitled-design-9.png?w=1200&amp;ssl=1 1200w, https:\/\/i0.wp.com\/monctonfish.com\/wp-content\/uploads\/2025\/11\/Untitled-design-9.png?resize=300%2C300&amp;ssl=1 300w, https:\/\/i0.wp.com\/monctonfish.com\/wp-content\/uploads\/2025\/11\/Untitled-design-9.png?resize=1024%2C1024&amp;ssl=1 1024w, https:\/\/i0.wp.com\/monctonfish.com\/wp-content\/uploads\/2025\/11\/Untitled-design-9.png?resize=150%2C150&amp;ssl=1 150w, https:\/\/i0.wp.com\/monctonfish.com\/wp-content\/uploads\/2025\/11\/Untitled-design-9.png?resize=768%2C768&amp;ssl=1 768w, https:\/\/i0.wp.com\/monctonfish.com\/wp-content\/uploads\/2025\/11\/Untitled-design-9.png?resize=12%2C12&amp;ssl=1 12w, https:\/\/i0.wp.com\/monctonfish.com\/wp-content\/uploads\/2025\/11\/Untitled-design-9.png?resize=400%2C400&amp;ssl=1 400w, https:\/\/i0.wp.com\/monctonfish.com\/wp-content\/uploads\/2025\/11\/Untitled-design-9.png?resize=600%2C600&amp;ssl=1 600w, https:\/\/i0.wp.com\/monctonfish.com\/wp-content\/uploads\/2025\/11\/Untitled-design-9.png?resize=100%2C100&amp;ssl=1 100w\" sizes=\"(max-width: 400px) 100vw, 400px\" \/><\/div>\n\t\t\t\t\t<div class=\"wc-block-grid__product-title\">Cornichons frits (4 x 1 kg)<\/div>\n\t\t\t\t<\/a>\n\t\t\t\t<div class=\"wc-block-grid__product-price price\"><span class=\"woocommerce-Price-amount amount\"><span class=\"woocommerce-Price-currencySymbol\">&#036;<\/span>60.00<\/span><\/div>\n\t\t\t\t\n\t\t\t\t<div class=\"wp-block-button wc-block-grid__product-add-to-cart\"><a href=\"\/fr\/wp-json\/wp\/v2\/pages\/10?add-to-cart=1194\" aria-label=\"Ajouter au panier\u00a0: \u201cDeep Fried Pickles (4x1kg)\u201d\" data-quantity=\"1\" data-product_id=\"1194\" data-product_sku=\"deepfriedpickles\" data-price=\"60\" rel=\"nofollow\" class=\"wp-block-button__link  add_to_cart_button ajax_add_to_cart\" data-no-translation=\"\" data-trp-gettext=\"\" data-no-translation-aria-label=\"\">Ajouter au panier<\/a><\/div>\n\t\t\t<\/li><li class=\"wc-block-grid__product\">\n\t\t\t\t<a href=\"https:\/\/monctonfish.com\/fr\/produit\/hamburgers-au-poulet\/\" class=\"wc-block-grid__product-link\">\n\t\t\t\t\t\n\t\t\t\t\t<div class=\"wc-block-grid__product-image\"><img loading=\"lazy\" decoding=\"async\" width=\"400\" height=\"400\" src=\"https:\/\/i0.wp.com\/monctonfish.com\/wp-content\/uploads\/2025\/10\/Untitled-design-2-2.png?resize=400%2C400&amp;ssl=1\" class=\"attachment-woocommerce_thumbnail size-woocommerce_thumbnail\" alt=\"Burgers de poulet\" srcset=\"https:\/\/i0.wp.com\/monctonfish.com\/wp-content\/uploads\/2025\/10\/Untitled-design-2-2.png?resize=150%2C150&amp;ssl=1 150w, https:\/\/i0.wp.com\/monctonfish.com\/wp-content\/uploads\/2025\/10\/Untitled-design-2-2.png?resize=400%2C400&amp;ssl=1 400w, https:\/\/i0.wp.com\/monctonfish.com\/wp-content\/uploads\/2025\/10\/Untitled-design-2-2.png?resize=100%2C100&amp;ssl=1 100w\" sizes=\"(max-width: 400px) 100vw, 400px\" \/><\/div>\n\t\t\t\t\t<div class=\"wc-block-grid__product-title\">Burgers de poulet<\/div>\n\t\t\t\t<\/a>\n\t\t\t\t<div class=\"wc-block-grid__product-price price\"><span class=\"woocommerce-Price-amount amount\"><span class=\"woocommerce-Price-currencySymbol\">&#036;<\/span>50.00<\/span><\/div>\n\t\t\t\t\n\t\t\t\t<div class=\"wp-block-button wc-block-grid__product-add-to-cart\"><a href=\"\/fr\/wp-json\/wp\/v2\/pages\/10?add-to-cart=1091\" aria-label=\"Ajouter au panier\u00a0: \u201cChicken Burgers\u201d\" data-quantity=\"1\" data-product_id=\"1091\" data-product_sku=\"atlanticbeefburgers4ozx40-1\" data-price=\"50\" rel=\"nofollow\" class=\"wp-block-button__link  add_to_cart_button ajax_add_to_cart\" data-no-translation=\"\" data-trp-gettext=\"\" data-no-translation-aria-label=\"\">Ajouter au panier<\/a><\/div>\n\t\t\t<\/li><\/ul><\/div><\/div>\n<\/div>\n\t\t\t\t\t\t\t\t<\/div>\n\t\t\t\t<\/div>\n\t\t\t\t\t<\/div>\n\t\t\t\t<\/div>\n\t\t\t\t<\/div>","protected":false},"excerpt":{"rendered":"","protected":false},"author":1,"featured_media":0,"parent":0,"menu_order":0,"comment_status":"closed","ping_status":"closed","template":"","meta":{"_acf_changed":false,"footnotes":""},"class_list":["post-10","page","type-page","status-publish","hentry"],"acf":[],"jetpack_sharing_enabled":true,"_links":{"self":[{"href":"https:\/\/monctonfish.com\/fr\/wp-json\/wp\/v2\/pages\/10","targetHints":{"allow":["GET"]}}],"collection":[{"href":"https:\/\/monctonfish.com\/fr\/wp-json\/wp\/v2\/pages"}],"about":[{"href":"https:\/\/monctonfish.com\/fr\/wp-json\/wp\/v2\/types\/page"}],"author":[{"embeddable":true,"href":"https:\/\/monctonfish.com\/fr\/wp-json\/wp\/v2\/users\/1"}],"replies":[{"embeddable":true,"href":"https:\/\/monctonfish.com\/fr\/wp-json\/wp\/v2\/comments?post=10"}],"version-history":[{"count":0,"href":"https:\/\/monctonfish.com\/fr\/wp-json\/wp\/v2\/pages\/10\/revisions"}],"wp:attachment":[{"href":"https:\/\/monctonfish.com\/fr\/wp-json\/wp\/v2\/media?parent=10"}],"curies":[{"name":"wp","href":"https:\/\/api.w.org\/{rel}","templated":true}]}}