{"id":1085,"date":"2025-10-27T10:15:06","date_gmt":"2025-10-27T13:15:06","guid":{"rendered":"https:\/\/monctonfish.com\/?page_id=1085"},"modified":"2025-10-27T12:05:48","modified_gmt":"2025-10-27T15:05:48","slug":"gardes-forestiers-du-sud","status":"publish","type":"page","link":"https:\/\/monctonfish.com\/fr\/gardes-forestiers-du-sud\/","title":{"rendered":"Southern Rangers"},"content":{"rendered":"<div data-elementor-type=\"wp-page\" data-elementor-id=\"1085\" class=\"elementor elementor-1085\" data-elementor-post-type=\"page\">\n\t\t\t\t<div data-particle_enable=\"false\" data-particle-mobile-disabled=\"false\" class=\"elementor-element elementor-element-7d1aa7b e-flex e-con-boxed e-con e-parent\" data-id=\"7d1aa7b\" data-element_type=\"container\" data-e-type=\"container\">\n\t\t\t\t\t<div class=\"e-con-inner\">\n\t\t\t\t\t<\/div>\n\t\t\t\t<\/div>\n\t\t<div data-particle_enable=\"false\" data-particle-mobile-disabled=\"false\" class=\"elementor-element elementor-element-ef0df5a e-flex e-con-boxed e-con e-parent\" data-id=\"ef0df5a\" data-element_type=\"container\" data-e-type=\"container\">\n\t\t\t\t\t<div class=\"e-con-inner\">\n\t\t\t\t<div class=\"elementor-element elementor-element-8b81a61 elementor-widget elementor-widget-spacer\" data-id=\"8b81a61\" data-element_type=\"widget\" data-e-type=\"widget\" data-widget_type=\"spacer.default\">\n\t\t\t\t<div class=\"elementor-widget-container\">\n\t\t\t\t\t\t\t<div class=\"elementor-spacer\">\n\t\t\t<div class=\"elementor-spacer-inner\"><\/div>\n\t\t<\/div>\n\t\t\t\t\t\t<\/div>\n\t\t\t\t<\/div>\n\t\t\t\t<div class=\"elementor-element elementor-element-eeb731e elementor-product-loop-item--align-center elementor-grid-4 elementor-grid-tablet-3 elementor-grid-mobile-2 elementor-products-grid elementor-wc-products elementor-show-pagination-border-yes elementor-widget elementor-widget-woocommerce-products\" data-id=\"eeb731e\" data-element_type=\"widget\" data-e-type=\"widget\" data-widget_type=\"woocommerce-products.default\">\n\t\t\t\t<div class=\"elementor-widget-container\">\n\t\t\t\t\t<div class=\"woocommerce columns-4\"><div class=\"woocommerce-notices-wrapper\"><\/div><form class=\"woocommerce-ordering\" method=\"get\" action=\"\">\n\t\t<select\n\t\tname=\"orderby\"\n\t\tclass=\"orderby\"\n\t\t\t\t\taria-label=\"Commande\" data-no-translation-aria-label=\"\"\n\t\t\t>\n\t\t\t\t\t<option value=\"menu_order\"  selected='selected' data-no-translation=\"\" data-trp-gettext=\"\">Tri par d\u00e9faut<\/option>\n\t\t\t\t\t<option value=\"popularity\" data-no-translation=\"\" data-trp-gettext=\"\" >Tri par popularit\u00e9<\/option>\n\t\t\t\t\t<option value=\"rating\" data-no-translation=\"\" data-trp-gettext=\"\" >Tri par notes moyennes<\/option>\n\t\t\t\t\t<option value=\"date\" data-no-translation=\"\" data-trp-gettext=\"\" >Trier du plus r\u00e9cent au plus ancien<\/option>\n\t\t\t\t\t<option value=\"price\" data-no-translation=\"\" data-trp-gettext=\"\" >Tri par tarif croissant<\/option>\n\t\t\t\t\t<option value=\"price-desc\" data-no-translation=\"\" data-trp-gettext=\"\" >Tri par tarif d\u00e9croissant<\/option>\n\t\t\t<\/select>\n\t<input type=\"hidden\" name=\"paged\" value=\"1\" \/>\n\t<input type=\"hidden\" name=\"trp-form-language\" value=\"fr\"\/><\/form>\n<ul class=\"products elementor-grid columns-4\">\n<li class=\"product type-product post-138 status-publish first instock product_cat-fish product_cat-org-southern-rangers product_tag-box product_tag-bulk-size product_tag-frozen product_tag-vacuum-packed has-post-thumbnail shipping-taxable purchasable product-type-simple\">\n\t<a href=\"https:\/\/monctonfish.com\/fr\/produit\/portions-de-saumon-sauvage-congele-vacpac-10-lb-4-oz\/\" class=\"woocommerce-LoopProduct-link woocommerce-loop-product__link\"><img fetchpriority=\"high\" decoding=\"async\" width=\"400\" height=\"400\" src=\"https:\/\/i0.wp.com\/monctonfish.com\/wp-content\/uploads\/2025\/09\/3.png?resize=400%2C400&amp;ssl=1\" class=\"attachment-woocommerce_thumbnail size-woocommerce_thumbnail\" alt=\"PORTIONS DE SAUMON CONGEL\u00c9S DE 170 g (10 lb)\" srcset=\"https:\/\/i0.wp.com\/monctonfish.com\/wp-content\/uploads\/2025\/09\/3.png?w=1200&amp;ssl=1 1200w, https:\/\/i0.wp.com\/monctonfish.com\/wp-content\/uploads\/2025\/09\/3.png?resize=400%2C400&amp;ssl=1 400w, https:\/\/i0.wp.com\/monctonfish.com\/wp-content\/uploads\/2025\/09\/3.png?resize=100%2C100&amp;ssl=1 100w, https:\/\/i0.wp.com\/monctonfish.com\/wp-content\/uploads\/2025\/09\/3.png?resize=600%2C600&amp;ssl=1 600w, https:\/\/i0.wp.com\/monctonfish.com\/wp-content\/uploads\/2025\/09\/3.png?resize=300%2C300&amp;ssl=1 300w, https:\/\/i0.wp.com\/monctonfish.com\/wp-content\/uploads\/2025\/09\/3.png?resize=1024%2C1024&amp;ssl=1 1024w, https:\/\/i0.wp.com\/monctonfish.com\/wp-content\/uploads\/2025\/09\/3.png?resize=150%2C150&amp;ssl=1 150w, https:\/\/i0.wp.com\/monctonfish.com\/wp-content\/uploads\/2025\/09\/3.png?resize=768%2C768&amp;ssl=1 768w, https:\/\/i0.wp.com\/monctonfish.com\/wp-content\/uploads\/2025\/09\/3.png?resize=12%2C12&amp;ssl=1 12w\" sizes=\"(max-width: 400px) 100vw, 400px\" \/><h2 class=\"woocommerce-loop-product__title\">PORTIONS DE SAUMON CONGEL\u00c9S DE 170 g (10 lb)<\/h2>\n\t<span class=\"price\"><span class=\"woocommerce-Price-amount amount\"><bdi><span class=\"woocommerce-Price-currencySymbol\">&#36;<\/span>110.00<\/bdi><\/span><\/span>\n<\/a><a href=\"\/fr\/wp-json\/wp\/v2\/pages\/1085?add-to-cart=138\" aria-describedby=\"woocommerce_loop_add_to_cart_link_describedby_138\" data-quantity=\"1\" class=\"button product_type_simple add_to_cart_button ajax_add_to_cart\" data-product_id=\"138\" data-product_sku=\"salmonportionswildfrozenvacpac10lb4oz\" aria-label=\"Ajouter au panier\u00a0: \u201c6oz SALMON PORTIONS FROZEN  (10lb)\u201d\" rel=\"nofollow\" data-success_message=\"\u00ab\u00a06oz SALMON PORTIONS FROZEN  (10lb)\u00a0\u00bb a \u00e9t\u00e9 ajout\u00e9 \u00e0 votre panier\" role=\"button\" data-no-translation=\"\" data-trp-gettext=\"\" data-no-translation-aria-label=\"\" data-no-translation-data-success_message=\"\">Ajouter au panier<\/a>\t<span id=\"woocommerce_loop_add_to_cart_link_describedby_138\" class=\"screen-reader-text\">\n\t\t\t<\/span>\n<\/li>\n<li class=\"product type-product post-1091 status-publish instock product_cat-org-southern-rangers product_tag-box has-post-thumbnail shipping-taxable purchasable product-type-simple\">\n\t<a href=\"https:\/\/monctonfish.com\/fr\/produit\/hamburgers-au-poulet\/\" class=\"woocommerce-LoopProduct-link woocommerce-loop-product__link\"><img decoding=\"async\" width=\"400\" height=\"400\" src=\"https:\/\/i0.wp.com\/monctonfish.com\/wp-content\/uploads\/2025\/10\/Untitled-design-2-2.png?resize=400%2C400&amp;ssl=1\" class=\"attachment-woocommerce_thumbnail size-woocommerce_thumbnail\" alt=\"Burgers de poulet\" srcset=\"https:\/\/i0.wp.com\/monctonfish.com\/wp-content\/uploads\/2025\/10\/Untitled-design-2-2.png?resize=150%2C150&amp;ssl=1 150w, https:\/\/i0.wp.com\/monctonfish.com\/wp-content\/uploads\/2025\/10\/Untitled-design-2-2.png?resize=400%2C400&amp;ssl=1 400w, https:\/\/i0.wp.com\/monctonfish.com\/wp-content\/uploads\/2025\/10\/Untitled-design-2-2.png?resize=100%2C100&amp;ssl=1 100w\" sizes=\"(max-width: 400px) 100vw, 400px\" \/><h2 class=\"woocommerce-loop-product__title\">Burgers de poulet<\/h2>\n\t<span class=\"price\"><span class=\"woocommerce-Price-amount amount\"><bdi><span class=\"woocommerce-Price-currencySymbol\">&#36;<\/span>50.00<\/bdi><\/span><\/span>\n<\/a><a href=\"\/fr\/wp-json\/wp\/v2\/pages\/1085?add-to-cart=1091\" aria-describedby=\"woocommerce_loop_add_to_cart_link_describedby_1091\" data-quantity=\"1\" class=\"button product_type_simple add_to_cart_button ajax_add_to_cart\" data-product_id=\"1091\" data-product_sku=\"atlanticbeefburgers4ozx40-1\" aria-label=\"Ajouter au panier\u00a0: \u201cChicken Burgers\u201d\" rel=\"nofollow\" data-success_message=\"\u00ab\u00a0Chicken Burgers\u00a0\u00bb a \u00e9t\u00e9 ajout\u00e9 \u00e0 votre panier\" role=\"button\" data-no-translation=\"\" data-trp-gettext=\"\" data-no-translation-aria-label=\"\" data-no-translation-data-success_message=\"\">Ajouter au panier<\/a>\t<span id=\"woocommerce_loop_add_to_cart_link_describedby_1091\" class=\"screen-reader-text\">\n\t\t\t<\/span>\n<\/li>\n<li class=\"product type-product post-146 status-publish instock product_cat-fish product_cat-org-southern-rangers product_tag-box product_tag-bulk-size has-post-thumbnail shipping-taxable purchasable product-type-simple\">\n\t<a href=\"https:\/\/monctonfish.com\/fr\/produit\/filet-de-cabillaud-12-16-oz-10-lb\/\" class=\"woocommerce-LoopProduct-link woocommerce-loop-product__link\"><img decoding=\"async\" width=\"400\" height=\"400\" src=\"https:\/\/i0.wp.com\/monctonfish.com\/wp-content\/uploads\/2025\/07\/6.png?resize=400%2C400&amp;ssl=1\" class=\"attachment-woocommerce_thumbnail size-woocommerce_thumbnail\" alt=\"Filet de morue 12-16 oz (10 lb)\" srcset=\"https:\/\/i0.wp.com\/monctonfish.com\/wp-content\/uploads\/2025\/07\/6.png?w=1200&amp;ssl=1 1200w, https:\/\/i0.wp.com\/monctonfish.com\/wp-content\/uploads\/2025\/07\/6.png?resize=400%2C400&amp;ssl=1 400w, https:\/\/i0.wp.com\/monctonfish.com\/wp-content\/uploads\/2025\/07\/6.png?resize=100%2C100&amp;ssl=1 100w, https:\/\/i0.wp.com\/monctonfish.com\/wp-content\/uploads\/2025\/07\/6.png?resize=600%2C600&amp;ssl=1 600w\" sizes=\"(max-width: 400px) 100vw, 400px\" \/><h2 class=\"woocommerce-loop-product__title\">Filet de morue 12-16 oz (10 lb)<\/h2>\n\t<span class=\"price\"><span class=\"woocommerce-Price-amount amount\"><bdi><span class=\"woocommerce-Price-currencySymbol\">&#36;<\/span>100.00<\/bdi><\/span><\/span>\n<\/a><a href=\"\/fr\/wp-json\/wp\/v2\/pages\/1085?add-to-cart=146\" aria-describedby=\"woocommerce_loop_add_to_cart_link_describedby_146\" data-quantity=\"1\" class=\"button product_type_simple add_to_cart_button ajax_add_to_cart\" data-product_id=\"146\" data-product_sku=\"codfillet1216oz10lb\" aria-label=\"Ajouter au panier\u00a0: \u201cCod Fillet 12-16oz (10lb)\u201d\" rel=\"nofollow\" data-success_message=\"\u00ab\u00a0Cod Fillet 12-16oz (10lb)\u00a0\u00bb a \u00e9t\u00e9 ajout\u00e9 \u00e0 votre panier\" role=\"button\" data-no-translation=\"\" data-trp-gettext=\"\" data-no-translation-aria-label=\"\" data-no-translation-data-success_message=\"\">Ajouter au panier<\/a>\t<span id=\"woocommerce_loop_add_to_cart_link_describedby_146\" class=\"screen-reader-text\">\n\t\t\t<\/span>\n<\/li>\n<li class=\"product type-product post-131 status-publish last instock product_cat-appetizers product_cat-org-southern-rangers product_tag-box product_tag-bulk-size has-post-thumbnail shipping-taxable purchasable product-type-simple\">\n\t<a href=\"https:\/\/monctonfish.com\/fr\/produit\/batonnets-de-mozzarella-5-lb\/\" class=\"woocommerce-LoopProduct-link woocommerce-loop-product__link\"><img loading=\"lazy\" decoding=\"async\" width=\"400\" height=\"400\" src=\"https:\/\/i0.wp.com\/monctonfish.com\/wp-content\/uploads\/2025\/07\/2-1.png?resize=400%2C400&amp;ssl=1\" class=\"attachment-woocommerce_thumbnail size-woocommerce_thumbnail\" alt=\"B\u00e2tonnets de mozzarella (5 lb)\" srcset=\"https:\/\/i0.wp.com\/monctonfish.com\/wp-content\/uploads\/2025\/07\/2-1.png?w=1200&amp;ssl=1 1200w, https:\/\/i0.wp.com\/monctonfish.com\/wp-content\/uploads\/2025\/07\/2-1.png?resize=400%2C400&amp;ssl=1 400w, https:\/\/i0.wp.com\/monctonfish.com\/wp-content\/uploads\/2025\/07\/2-1.png?resize=100%2C100&amp;ssl=1 100w, https:\/\/i0.wp.com\/monctonfish.com\/wp-content\/uploads\/2025\/07\/2-1.png?resize=600%2C600&amp;ssl=1 600w\" sizes=\"(max-width: 400px) 100vw, 400px\" \/><h2 class=\"woocommerce-loop-product__title\">B\u00e2tonnets de mozzarella (5 lb)<\/h2>\n\t<span class=\"price\"><span class=\"woocommerce-Price-amount amount\"><bdi><span class=\"woocommerce-Price-currencySymbol\">&#36;<\/span>30.00<\/bdi><\/span><\/span>\n<\/a><a href=\"\/fr\/wp-json\/wp\/v2\/pages\/1085?add-to-cart=131\" aria-describedby=\"woocommerce_loop_add_to_cart_link_describedby_131\" data-quantity=\"1\" class=\"button product_type_simple add_to_cart_button ajax_add_to_cart\" data-product_id=\"131\" data-product_sku=\"mozzasticks5lb\" aria-label=\"Ajouter au panier\u00a0: \u201cMozza Sticks (5lb)\u201d\" rel=\"nofollow\" data-success_message=\"\u00ab\u00a0Mozza Sticks (5lb)\u00a0\u00bb a \u00e9t\u00e9 ajout\u00e9 \u00e0 votre panier\" role=\"button\" data-no-translation=\"\" data-trp-gettext=\"\" data-no-translation-aria-label=\"\" data-no-translation-data-success_message=\"\">Ajouter au panier<\/a>\t<span id=\"woocommerce_loop_add_to_cart_link_describedby_131\" class=\"screen-reader-text\">\n\t\t\t<\/span>\n<\/li>\n<li class=\"product type-product post-153 status-publish first instock product_cat-org-southern-rangers product_cat-poultry product_tag-box product_tag-bulk-size has-post-thumbnail shipping-taxable purchasable product-type-simple\">\n\t<a href=\"https:\/\/monctonfish.com\/fr\/produit\/poulet-popcorn-4x1kg\/\" class=\"woocommerce-LoopProduct-link woocommerce-loop-product__link\"><img loading=\"lazy\" decoding=\"async\" width=\"400\" height=\"400\" src=\"https:\/\/i0.wp.com\/monctonfish.com\/wp-content\/uploads\/2025\/07\/1.png?resize=400%2C400&amp;ssl=1\" class=\"attachment-woocommerce_thumbnail size-woocommerce_thumbnail\" alt=\"Poulet popcorn (4x1kg)\" srcset=\"https:\/\/i0.wp.com\/monctonfish.com\/wp-content\/uploads\/2025\/07\/1.png?w=1200&amp;ssl=1 1200w, https:\/\/i0.wp.com\/monctonfish.com\/wp-content\/uploads\/2025\/07\/1.png?resize=400%2C400&amp;ssl=1 400w, https:\/\/i0.wp.com\/monctonfish.com\/wp-content\/uploads\/2025\/07\/1.png?resize=100%2C100&amp;ssl=1 100w, https:\/\/i0.wp.com\/monctonfish.com\/wp-content\/uploads\/2025\/07\/1.png?resize=600%2C600&amp;ssl=1 600w\" sizes=\"(max-width: 400px) 100vw, 400px\" \/><h2 class=\"woocommerce-loop-product__title\">Poulet popcorn (4x1kg)<\/h2>\n\t<span class=\"price\"><span class=\"woocommerce-Price-amount amount\"><bdi><span class=\"woocommerce-Price-currencySymbol\">&#36;<\/span>50.00<\/bdi><\/span><\/span>\n<\/a><a href=\"\/fr\/wp-json\/wp\/v2\/pages\/1085?add-to-cart=153\" aria-describedby=\"woocommerce_loop_add_to_cart_link_describedby_153\" data-quantity=\"1\" class=\"button product_type_simple add_to_cart_button ajax_add_to_cart\" data-product_id=\"153\" data-product_sku=\"popcornchicken4x1kg\" aria-label=\"Ajouter au panier\u00a0: \u201cPopcorn Chicken (4x1kg)\u201d\" rel=\"nofollow\" data-success_message=\"\u00ab\u00a0Popcorn Chicken (4x1kg)\u00a0\u00bb a \u00e9t\u00e9 ajout\u00e9 \u00e0 votre panier\" role=\"button\" data-no-translation=\"\" data-trp-gettext=\"\" data-no-translation-aria-label=\"\" data-no-translation-data-success_message=\"\">Ajouter au panier<\/a>\t<span id=\"woocommerce_loop_add_to_cart_link_describedby_153\" class=\"screen-reader-text\">\n\t\t\t<\/span>\n<\/li>\n<li class=\"product type-product post-154 status-publish instock product_cat-org-southern-rangers product_cat-seafood-mix product_tag-box product_tag-bulk-size has-post-thumbnail shipping-taxable purchasable product-type-simple\">\n\t<a href=\"https:\/\/monctonfish.com\/fr\/produit\/boite-de-fruits-de-mer-10-lb-boite-mixte\/\" class=\"woocommerce-LoopProduct-link woocommerce-loop-product__link\"><img loading=\"lazy\" decoding=\"async\" width=\"400\" height=\"400\" src=\"https:\/\/i0.wp.com\/monctonfish.com\/wp-content\/uploads\/2025\/07\/signal-2025-09-12-120144_002.jpeg?resize=400%2C400&amp;ssl=1\" class=\"attachment-woocommerce_thumbnail size-woocommerce_thumbnail\" alt=\"Bo\u00eete de fruits de mer (bo\u00eete mixte de 10 lb)\" srcset=\"https:\/\/i0.wp.com\/monctonfish.com\/wp-content\/uploads\/2025\/07\/signal-2025-09-12-120144_002.jpeg?resize=400%2C400&amp;ssl=1 400w, https:\/\/i0.wp.com\/monctonfish.com\/wp-content\/uploads\/2025\/07\/signal-2025-09-12-120144_002.jpeg?resize=100%2C100&amp;ssl=1 100w, https:\/\/i0.wp.com\/monctonfish.com\/wp-content\/uploads\/2025\/07\/signal-2025-09-12-120144_002.jpeg?resize=150%2C150&amp;ssl=1 150w, https:\/\/i0.wp.com\/monctonfish.com\/wp-content\/uploads\/2025\/07\/signal-2025-09-12-120144_002.jpeg?zoom=2&amp;resize=400%2C400&amp;ssl=1 800w, https:\/\/i0.wp.com\/monctonfish.com\/wp-content\/uploads\/2025\/07\/signal-2025-09-12-120144_002.jpeg?zoom=3&amp;resize=400%2C400&amp;ssl=1 1200w\" sizes=\"(max-width: 400px) 100vw, 400px\" \/><h2 class=\"woocommerce-loop-product__title\">Bo\u00eete de fruits de mer (bo\u00eete mixte de 10 lb)<\/h2>\n\t<span class=\"price\"><span class=\"woocommerce-Price-amount amount\"><bdi><span class=\"woocommerce-Price-currencySymbol\">&#36;<\/span>85.00<\/bdi><\/span><\/span>\n<\/a><a href=\"\/fr\/wp-json\/wp\/v2\/pages\/1085?add-to-cart=154\" aria-describedby=\"woocommerce_loop_add_to_cart_link_describedby_154\" data-quantity=\"1\" class=\"button product_type_simple add_to_cart_button ajax_add_to_cart\" data-product_id=\"154\" data-product_sku=\"seafoodbox10lbmixbox\" aria-label=\"Ajouter au panier\u00a0: \u201cSeafood Box (10lb Mix Box)\u201d\" rel=\"nofollow\" data-success_message=\"\u00ab\u00a0Seafood Box (10lb Mix Box)\u00a0\u00bb a \u00e9t\u00e9 ajout\u00e9 \u00e0 votre panier\" role=\"button\" data-no-translation=\"\" data-trp-gettext=\"\" data-no-translation-aria-label=\"\" data-no-translation-data-success_message=\"\">Ajouter au panier<\/a>\t<span id=\"woocommerce_loop_add_to_cart_link_describedby_154\" class=\"screen-reader-text\">\n\t\t\t<\/span>\n<\/li>\n<\/ul>\n<\/div>\t\t\t\t<\/div>\n\t\t\t\t<\/div>\n\t\t\t\t\t<\/div>\n\t\t\t\t<\/div>\n\t\t<div data-particle_enable=\"false\" data-particle-mobile-disabled=\"false\" class=\"elementor-element elementor-element-93c049e e-flex e-con-boxed e-con e-parent\" data-id=\"93c049e\" data-element_type=\"container\" data-e-type=\"container\">\n\t\t\t\t\t<div class=\"e-con-inner\">\n\t\t\t\t<div class=\"elementor-element elementor-element-cb837fd elementor-widget elementor-widget-spacer\" data-id=\"cb837fd\" data-element_type=\"widget\" data-e-type=\"widget\" data-widget_type=\"spacer.default\">\n\t\t\t\t<div class=\"elementor-widget-container\">\n\t\t\t\t\t\t\t<div class=\"elementor-spacer\">\n\t\t\t<div class=\"elementor-spacer-inner\"><\/div>\n\t\t<\/div>\n\t\t\t\t\t\t<\/div>\n\t\t\t\t<\/div>\n\t\t\t\t\t<\/div>\n\t\t\t\t<\/div>\n\t\t\t\t<\/div>","protected":false},"excerpt":{"rendered":"","protected":false},"author":1,"featured_media":0,"parent":0,"menu_order":0,"comment_status":"closed","ping_status":"closed","template":"","meta":{"_acf_changed":false,"footnotes":""},"class_list":["post-1085","page","type-page","status-publish","hentry"],"acf":[],"jetpack_sharing_enabled":true,"_links":{"self":[{"href":"https:\/\/monctonfish.com\/fr\/wp-json\/wp\/v2\/pages\/1085","targetHints":{"allow":["GET"]}}],"collection":[{"href":"https:\/\/monctonfish.com\/fr\/wp-json\/wp\/v2\/pages"}],"about":[{"href":"https:\/\/monctonfish.com\/fr\/wp-json\/wp\/v2\/types\/page"}],"author":[{"embeddable":true,"href":"https:\/\/monctonfish.com\/fr\/wp-json\/wp\/v2\/users\/1"}],"replies":[{"embeddable":true,"href":"https:\/\/monctonfish.com\/fr\/wp-json\/wp\/v2\/comments?post=1085"}],"version-history":[{"count":0,"href":"https:\/\/monctonfish.com\/fr\/wp-json\/wp\/v2\/pages\/1085\/revisions"}],"wp:attachment":[{"href":"https:\/\/monctonfish.com\/fr\/wp-json\/wp\/v2\/media?parent=1085"}],"curies":[{"name":"wp","href":"https:\/\/api.w.org\/{rel}","templated":true}]}}