{"id":659,"date":"2025-09-18T07:06:43","date_gmt":"2025-09-18T07:06:43","guid":{"rendered":"https:\/\/monctonfish.com\/?page_id=659"},"modified":"2025-09-18T07:18:56","modified_gmt":"2025-09-18T07:18:56","slug":"faq","status":"publish","type":"page","link":"https:\/\/monctonfish.com\/fr\/faq\/","title":{"rendered":"FAQ"},"content":{"rendered":"<div data-elementor-type=\"wp-page\" data-elementor-id=\"659\" class=\"elementor elementor-659\" data-elementor-post-type=\"page\">\n\t\t\t\t<div data-particle_enable=\"false\" data-particle-mobile-disabled=\"false\" class=\"elementor-element elementor-element-639c0a0 e-con-full e-flex e-con e-parent\" data-id=\"639c0a0\" data-element_type=\"container\" data-e-type=\"container\">\n\t\t\t\t<div class=\"elementor-element elementor-element-aa53219 elementor-widget elementor-widget-spacer\" data-id=\"aa53219\" data-element_type=\"widget\" data-e-type=\"widget\" data-widget_type=\"spacer.default\">\n\t\t\t\t<div class=\"elementor-widget-container\">\n\t\t\t\t\t\t\t<div class=\"elementor-spacer\">\n\t\t\t<div class=\"elementor-spacer-inner\"><\/div>\n\t\t<\/div>\n\t\t\t\t\t\t<\/div>\n\t\t\t\t<\/div>\n\t\t\t\t<div class=\"elementor-element elementor-element-c335d5d elementor-widget elementor-widget-heading\" data-id=\"c335d5d\" data-element_type=\"widget\" data-e-type=\"widget\" data-widget_type=\"heading.default\">\n\t\t\t\t<div class=\"elementor-widget-container\">\n\t\t\t\t\t<h2 class=\"elementor-heading-title elementor-size-default\">SUIVEZ SIMPLEMENT CES \u00c9TAPES SIMPLES\u00a0:<\/h2>\t\t\t\t<\/div>\n\t\t\t\t<\/div>\n\t\t\t\t<div class=\"elementor-element elementor-element-42386ec elementor-widget elementor-widget-text-editor\" data-id=\"42386ec\" data-element_type=\"widget\" data-e-type=\"widget\" data-widget_type=\"text-editor.default\">\n\t\t\t\t<div class=\"elementor-widget-container\">\n\t\t\t\t\t\t\t\t\t<p style=\"font-weight: 400;\"><strong><u>\u00c9TAPE 1 : Coordination initiale<\/u><\/strong><\/p><ul style=\"font-weight: 400;\"><li>Nous commencerons par coordonner avec l\u2019organisateur pour assurer un processus simplifi\u00e9 et r\u00e9ussi.<\/li><li>Cette premi\u00e8re rencontre nous permettra de comprendre vos besoins et de vous fournir toutes les informations et formulaires n\u00e9cessaires pour assurer<\/li><\/ul><p style=\"font-weight: 400;\">vous \u00eates bien accompagn\u00e9 tout au long de la collecte de fonds.<\/p><p style=\"font-weight: 400;\"><strong><u>\u00c9TAPE\u00a0<\/u><\/strong><strong><u>2 : D\u00e9terminer le lieu de livraison<\/u><\/strong><\/p><ul style=\"font-weight: 400;\"><li>Nous avons des livraisons r\u00e9guli\u00e8res \u00e0 Moncton, Fredericton et Saint John.<\/li><li>Nous coordonnerons nos efforts avec tous les participants en dehors de ces zones pour garantir une prestation transparente dans un emplacement central.<\/li><\/ul><div><span style=\"font-weight: 400;\">\u00a0<\/span><\/div><p style=\"font-weight: 400;\"><strong><u>\u00c9TAPE 3 : Passez votre commande<\/u><\/strong><\/p><ul style=\"font-weight: 400;\"><li>Tous les participants fourniront \u00e0 leurs clients un lien vers notre site Web pour une page de commande simple et s\u00e9curis\u00e9e.<\/li><li>Nous enregistrerons votre commande dans notre syst\u00e8me et mettrons les choses en route\u00a0!<\/li><\/ul><div><span style=\"font-weight: 400;\">\u00a0<\/span><\/div><p style=\"font-weight: 400;\"><strong><u>\u00c9TAPE 4 : V\u00e9rification de l&#039;inventaire<\/u><\/strong><\/p><ul style=\"font-weight: 400;\"><li>Notre \u00e9quipe v\u00e9rifiera que tous les produits que vous avez command\u00e9s sont en stock.<\/li><li>S&#039;il nous manque des quantit\u00e9s, nous commanderons rapidement le produit manquant pour assurer une livraison en douceur<\/li><\/ul><div><span style=\"font-weight: 400;\">\u00a0<\/span><\/div><p style=\"font-weight: 400;\"><strong><u>\u00c9TAPE 5\u00a0: Planifier la livraison<\/u><\/strong><\/p><ul style=\"font-weight: 400;\"><li>Nous finaliserons votre date de livraison une fois que tous les articles auront \u00e9t\u00e9 achet\u00e9s et seront pr\u00eats \u00e0 \u00eatre exp\u00e9di\u00e9s.<\/li><li>Vous serez inform\u00e9 de la date de livraison et invit\u00e9 \u00e0 confirmer votre disponibilit\u00e9. Pr\u00e9parez-vous \u00e0 recevoir vos cadeaux\u00a0!<\/li><\/ul><div><span style=\"font-weight: 400;\">\u00a0<\/span><\/div><p style=\"font-weight: 400;\"><strong><u>\u00c9TAPE 6\u00a0: Traitement des paiements<\/u><\/strong><\/p><ul style=\"font-weight: 400;\"><li>Nous acceptons les ch\u00e8ques, les virements \u00e9lectroniques ou les virements \u00e9lectroniques.\u00a0<a href=\"mailto:accounting@monctonfish.com\">accounting@monctonfish.com<\/a><\/li><\/ul><div><span style=\"font-weight: 400;\">\u00a0<\/span><\/div><p style=\"font-weight: 400;\"><strong><u>\u00c9TAPE 7 : Emballage<\/u><\/strong><\/p><ul style=\"font-weight: 400;\"><li>Une fois votre paiement confirm\u00e9, notre \u00e9quipe v\u00e9rifiera et emballera vos produits en toute s\u00e9curit\u00e9 et les chargera sur une palette.<\/li><\/ul><div><span style=\"font-weight: 400;\">\u00a0<\/span><\/div><p style=\"font-weight: 400;\"><strong><u>\u00c9TAPE 8\u00a0: Planifier le ramassage et la livraison<\/u><\/strong><\/p><ul style=\"font-weight: 400;\"><li>Nous planifierons une heure de ramassage pour tous les clients le m\u00eame jour et \u00e0 la m\u00eame heure.<\/li><li>Le ramassage sera organis\u00e9 selon un format amusant de service au volant pour assurer l&#039;efficacit\u00e9 et minimiser les temps d&#039;attente.<\/li><\/ul><ul style=\"font-weight: 400;\"><li>Le jour de ramassage pr\u00e9vu, rendez-vous \u00e0 notre zone de ramassage au volant et suivez la signalisation claire et les voies d\u00e9sign\u00e9es.<\/li><li>Veuillez rester dans votre v\u00e9hicule. Notre \u00e9quipe amicale v\u00e9rifiera votre commande et la chargera dans votre v\u00e9hicule. Repartez avec le sourire\u00a0!<\/li><\/ul><div><span style=\"font-weight: 400;\">\u00a0<\/span><\/div><p style=\"font-weight: 400;\"><strong><u>\u00c9TAPE 9\u00a0: Fonds collect\u00e9s<\/u><\/strong><\/p><ul style=\"font-weight: 400;\"><li>Moncton Fish remettra \u00e0 votre groupe un ch\u00e8que correspondant au montant total des fonds collect\u00e9s au moment de la livraison.\u00a0<\/li><\/ul><p style=\"font-weight: 400;\"><strong><u>\u00a0<\/u><\/strong><\/p><p style=\"font-weight: 400;\"><strong><u>DES QUESTIONS?<\/u><\/strong><\/p><p style=\"font-weight: 400;\">Pour l&#039;anglais, veuillez contacter Kevin<br \/>T\u00e9l\u00e9phone : 506.875.2752<\/p><p style=\"font-weight: 400;\">E-mail:\u00a0<a href=\"mailto:kevin@monctonfish.com\">kevin@monctonfish.com<\/a><\/p><p style=\"font-weight: 400;\">Pour le fran\u00e7ais, veuillez contacter Pat.<\/p><p style=\"font-weight: 400;\">T\u00e9l\u00e9phone : 506.531.5717<\/p><p style=\"font-weight: 400;\">E-mail:\u00a0<a href=\"mailto:pat@monctonfish.com\">pat@monctonfish.com<\/a><\/p><p style=\"font-weight: 400;\">\u00a0<\/p>\t\t\t\t\t\t\t\t<\/div>\n\t\t\t\t<\/div>\n\t\t\t\t<div class=\"elementor-element elementor-element-59f09f7 elementor-widget elementor-widget-spacer\" data-id=\"59f09f7\" data-element_type=\"widget\" data-e-type=\"widget\" data-widget_type=\"spacer.default\">\n\t\t\t\t<div class=\"elementor-widget-container\">\n\t\t\t\t\t\t\t<div class=\"elementor-spacer\">\n\t\t\t<div class=\"elementor-spacer-inner\"><\/div>\n\t\t<\/div>\n\t\t\t\t\t\t<\/div>\n\t\t\t\t<\/div>\n\t\t\t\t<\/div>\n\t\t\t\t<\/div>","protected":false},"excerpt":{"rendered":"<p>JUST FOLLOW THESE SIMPLE STEPS: STEP 1: Initial Coordination We will begin by coordinating with the organizer to ensure a streamlined and successful process. This initial meeting will allow us to understand your requirements and provide you all the information and forms needed to ensure you are well supported throughout the fundraiser. STEP\u00a02: Determine Delivery [&hellip;]<\/p>\n","protected":false},"author":1,"featured_media":0,"parent":0,"menu_order":0,"comment_status":"closed","ping_status":"closed","template":"","meta":{"_acf_changed":false,"footnotes":""},"class_list":["post-659","page","type-page","status-publish","hentry"],"acf":[],"jetpack_sharing_enabled":true,"_links":{"self":[{"href":"https:\/\/monctonfish.com\/fr\/wp-json\/wp\/v2\/pages\/659","targetHints":{"allow":["GET"]}}],"collection":[{"href":"https:\/\/monctonfish.com\/fr\/wp-json\/wp\/v2\/pages"}],"about":[{"href":"https:\/\/monctonfish.com\/fr\/wp-json\/wp\/v2\/types\/page"}],"author":[{"embeddable":true,"href":"https:\/\/monctonfish.com\/fr\/wp-json\/wp\/v2\/users\/1"}],"replies":[{"embeddable":true,"href":"https:\/\/monctonfish.com\/fr\/wp-json\/wp\/v2\/comments?post=659"}],"version-history":[{"count":0,"href":"https:\/\/monctonfish.com\/fr\/wp-json\/wp\/v2\/pages\/659\/revisions"}],"wp:attachment":[{"href":"https:\/\/monctonfish.com\/fr\/wp-json\/wp\/v2\/media?parent=659"}],"curies":[{"name":"wp","href":"https:\/\/api.w.org\/{rel}","templated":true}]}}