{"id":154,"date":"2025-07-04T02:34:54","date_gmt":"2025-07-04T02:34:54","guid":{"rendered":"https:\/\/monctonfish.com\/?product=seafood-box-10lb-mix-box"},"modified":"2026-03-13T07:03:20","modified_gmt":"2026-03-13T10:03:20","slug":"boite-de-fruits-de-mer-10-lb-boite-mixte","status":"publish","type":"product","link":"https:\/\/monctonfish.com\/fr\/produit\/boite-de-fruits-de-mer-10-lb-boite-mixte\/","title":{"rendered":"Bo\u00eete de fruits de mer (bo\u00eete mixte de 10 lb)"},"content":{"rendered":"","protected":false},"excerpt":{"rendered":"<p><strong>Contenu de la bo\u00eete de fruits de mer<\/strong><\/p>\n<ul>\n<li>Portions de saumon 2 x emballage individuel sous vide (8 oz)<\/li>\n<li>Galettes de crabe, paquet de 2 (4 pi\u00e8ces)<\/li>\n<li>Poisson blanc 2 livres d&#039;aiglefin 8 oz (4 pi\u00e8ces)<\/li>\n<li>M\u00e9lange de fruits de mer en sachet scell\u00e9 de 450 g<\/li>\n<li>Pinces de crabe, sachet scell\u00e9 de 900 g<\/li>\n<li>Crevettes Matane en sachet scell\u00e9 de 450 g<\/li>\n<li>Bisque de homard en sachet scell\u00e9 de 450 g<\/li>\n<li>Burgers de saumon (2 x 4 pi\u00e8ces sous vide)<\/li>\n<\/ul>","protected":false},"featured_media":636,"comment_status":"open","ping_status":"closed","template":"","meta":{"_acf_changed":false},"product_brand":[],"product_cat":[48,29],"product_tag":[22,23],"class_list":{"0":"post-154","1":"product","2":"type-product","3":"status-publish","4":"has-post-thumbnail","6":"product_cat-org-southern-rangers","7":"product_cat-seafood-mix","8":"product_tag-box","9":"product_tag-bulk-size","11":"first","12":"instock","13":"shipping-taxable","14":"purchasable","15":"product-type-simple"},"acf":[],"jetpack_sharing_enabled":true,"_links":{"self":[{"href":"https:\/\/monctonfish.com\/fr\/wp-json\/wp\/v2\/product\/154","targetHints":{"allow":["GET"]}}],"collection":[{"href":"https:\/\/monctonfish.com\/fr\/wp-json\/wp\/v2\/product"}],"about":[{"href":"https:\/\/monctonfish.com\/fr\/wp-json\/wp\/v2\/types\/product"}],"replies":[{"embeddable":true,"href":"https:\/\/monctonfish.com\/fr\/wp-json\/wp\/v2\/comments?post=154"}],"wp:featuredmedia":[{"embeddable":true,"href":"https:\/\/monctonfish.com\/fr\/wp-json\/wp\/v2\/media\/636"}],"wp:attachment":[{"href":"https:\/\/monctonfish.com\/fr\/wp-json\/wp\/v2\/media?parent=154"}],"wp:term":[{"taxonomy":"product_brand","embeddable":true,"href":"https:\/\/monctonfish.com\/fr\/wp-json\/wp\/v2\/product_brand?post=154"},{"taxonomy":"product_cat","embeddable":true,"href":"https:\/\/monctonfish.com\/fr\/wp-json\/wp\/v2\/product_cat?post=154"},{"taxonomy":"product_tag","embeddable":true,"href":"https:\/\/monctonfish.com\/fr\/wp-json\/wp\/v2\/product_tag?post=154"}],"curies":[{"name":"wp","href":"https:\/\/api.w.org\/{rel}","templated":true}]}}